{"id":2,"date":"2023-10-23T17:04:25","date_gmt":"2023-10-23T17:04:25","guid":{"rendered":"https:\/\/aws.isie.mx\/?page_id=2"},"modified":"2024-04-30T13:42:57","modified_gmt":"2024-04-30T19:42:57","slug":"sample-page","status":"publish","type":"page","link":"https:\/\/aws.isie.mx\/","title":{"rendered":"ISIE"},"content":{"rendered":"\n<p class=\"has-black-color has-text-color\" style=\"font-size:18px\">Ofrecemos soluciones en las que a trav\u00e9s del uso de diferentes tipos de tecnolog\u00eda se facilite la comunicaci\u00f3n y colaboraci\u00f3n de los equipos de trabajo.<\/p>\n\n\n\n<p>Contamos con distintos servicios, tales como: <\/p>\n\n\n\n<figure class=\"wp-block-image size-large is-resized\"><img fetchpriority=\"high\" decoding=\"async\" width=\"1024\" height=\"216\" src=\"https:\/\/aws.isie.mx\/wp-content\/uploads\/2023\/10\/Captura-de-pantalla-2023-10-30-153312-1024x216.png\" alt=\"\" class=\"wp-image-95\" style=\"aspect-ratio:4.7407407407407405;width:985px;height:auto\" srcset=\"https:\/\/aws.isie.mx\/wp-content\/uploads\/2023\/10\/Captura-de-pantalla-2023-10-30-153312-1024x216.png 1024w, https:\/\/aws.isie.mx\/wp-content\/uploads\/2023\/10\/Captura-de-pantalla-2023-10-30-153312-300x63.png 300w, https:\/\/aws.isie.mx\/wp-content\/uploads\/2023\/10\/Captura-de-pantalla-2023-10-30-153312-768x162.png 768w, https:\/\/aws.isie.mx\/wp-content\/uploads\/2023\/10\/Captura-de-pantalla-2023-10-30-153312.png 1311w\" sizes=\"(max-width: 1024px) 100vw, 1024px\" \/><\/figure>\n\n\n\n<hr class=\"wp-block-separator has-alpha-channel-opacity\"\/>\n\n\n\n<div class=\"wp-block-buttons is-layout-flex wp-block-buttons-is-layout-flex\"><\/div>\n\n\n\n<div class=\"wp-block-columns is-layout-flex wp-container-core-columns-is-layout-9d6595d7 wp-block-columns-is-layout-flex\">\n<div class=\"wp-block-column is-layout-flow wp-block-column-is-layout-flow\" style=\"flex-basis:66.66%\">\n<p><strong>REDES<\/strong><\/p>\n\n\n\n<p>Ofrece el dise\u00f1o e implementaci\u00f3n de soluciones en las que convergen el equipo de comunicaciones, cableado de voz y datos. <\/p>\n<\/div>\n\n\n\n<div class=\"wp-block-column is-layout-flow wp-block-column-is-layout-flow\" style=\"flex-basis:33.33%\">\n<div class=\"wp-block-buttons alignwide is-content-justification-center is-layout-flex wp-container-core-buttons-is-layout-16018d1d wp-block-buttons-is-layout-flex\">\n<div class=\"wp-block-button\"><a class=\"wp-block-button__link wp-element-button\">Conoce m\u00e1s<\/a><\/div>\n<\/div>\n<\/div>\n<\/div>\n\n\n\n<hr class=\"wp-block-separator has-alpha-channel-opacity\"\/>\n\n\n\n<div class=\"wp-block-columns is-layout-flex wp-container-core-columns-is-layout-9d6595d7 wp-block-columns-is-layout-flex\">\n<div class=\"wp-block-column is-layout-flow wp-block-column-is-layout-flow\" style=\"flex-basis:66.66%\">\n<p><strong>TECNOLOG\u00cdAS E INNOVACI\u00d3N EDUCATIVA<\/strong><\/p>\n\n\n\n<p>Consultor\u00eda en procesos de adopci\u00f3n de Tecnolog\u00edas Educativas basadas en la plataforma Apple. (ChallengeBasedLearning).<\/p>\n<\/div>\n\n\n\n<div class=\"wp-block-column is-layout-flow wp-block-column-is-layout-flow\" style=\"flex-basis:33.33%\">\n<div class=\"wp-block-buttons is-content-justification-center is-layout-flex wp-container-core-buttons-is-layout-16018d1d wp-block-buttons-is-layout-flex\">\n<div class=\"wp-block-button\"><a class=\"wp-block-button__link wp-element-button\">Conoce m\u00e1s<\/a><\/div>\n<\/div>\n<\/div>\n<\/div>\n\n\n\n<hr class=\"wp-block-separator has-alpha-channel-opacity\"\/>\n\n\n\n<div class=\"wp-block-columns is-layout-flex wp-container-core-columns-is-layout-9d6595d7 wp-block-columns-is-layout-flex\">\n<div class=\"wp-block-column is-layout-flow wp-block-column-is-layout-flow\" style=\"flex-basis:66.66%\">\n<p><strong>GESTI\u00d3N DEL PROCESO EDUCATIVO<\/strong><\/p>\n\n\n\n<p>\u2013 Integraci\u00f3n de las mejores pr\u00e1cticas.<br>\u2013 Creaci\u00f3n de nuevas herramientas de apoyo a los procesos de gesti\u00f3n y aprendizaje.<\/p>\n<\/div>\n\n\n\n<div class=\"wp-block-column is-layout-flow wp-block-column-is-layout-flow\" style=\"flex-basis:33.33%\">\n<div class=\"wp-block-buttons is-content-justification-center is-layout-flex wp-container-core-buttons-is-layout-16018d1d wp-block-buttons-is-layout-flex\">\n<div class=\"wp-block-button\"><a class=\"wp-block-button__link wp-element-button\">Conoce m\u00e1s<\/a><\/div>\n<\/div>\n<\/div>\n<\/div>\n\n\n\n<hr class=\"wp-block-separator has-alpha-channel-opacity\"\/>\n\n\n\n<div class=\"wp-block-columns is-layout-flex wp-container-core-columns-is-layout-9d6595d7 wp-block-columns-is-layout-flex\">\n<div class=\"wp-block-column is-layout-flow wp-block-column-is-layout-flow\" style=\"flex-basis:66.66%\">\n<p><strong>SOFTWARE PARA LA GESTI\u00d3N DE COLEGIOS<\/strong><\/p>\n\n\n\n<p>Desarrollamos herramientas que sistematizan los procesos de gesti\u00f3n de lo acad\u00e9mico y lo administrativo.<\/p>\n<\/div>\n\n\n\n<div class=\"wp-block-column is-layout-flow wp-block-column-is-layout-flow\" style=\"flex-basis:33.33%\">\n<div class=\"wp-block-buttons is-content-justification-center is-layout-flex wp-container-core-buttons-is-layout-16018d1d wp-block-buttons-is-layout-flex\">\n<div class=\"wp-block-button\"><a class=\"wp-block-button__link wp-element-button\">Conoce m\u00e1s<\/a><\/div>\n<\/div>\n<\/div>\n<\/div>\n\n\n\n\n\n\n","protected":false},"excerpt":{"rendered":"<p>Ofrecemos soluciones en las que a trav\u00e9s del uso de diferentes tipos de tecnolog\u00eda se facilite la comunicaci\u00f3n y colaboraci\u00f3n de los equipos de trabajo. Contamos con distintos servicios, tales como: REDES Ofrece el dise\u00f1o e implementaci\u00f3n de soluciones en las que convergen el equipo de comunicaciones, cableado de voz y datos. TECNOLOG\u00cdAS E INNOVACI\u00d3N [&hellip;]<\/p>\n","protected":false},"author":1,"featured_media":0,"parent":0,"menu_order":0,"comment_status":"closed","ping_status":"open","template":"","meta":{"footnotes":""},"class_list":["post-2","page","type-page","status-publish","hentry"],"_links":{"self":[{"href":"https:\/\/aws.isie.mx\/index.php?rest_route=\/wp\/v2\/pages\/2","targetHints":{"allow":["GET"]}}],"collection":[{"href":"https:\/\/aws.isie.mx\/index.php?rest_route=\/wp\/v2\/pages"}],"about":[{"href":"https:\/\/aws.isie.mx\/index.php?rest_route=\/wp\/v2\/types\/page"}],"author":[{"embeddable":true,"href":"https:\/\/aws.isie.mx\/index.php?rest_route=\/wp\/v2\/users\/1"}],"replies":[{"embeddable":true,"href":"https:\/\/aws.isie.mx\/index.php?rest_route=%2Fwp%2Fv2%2Fcomments&post=2"}],"version-history":[{"count":22,"href":"https:\/\/aws.isie.mx\/index.php?rest_route=\/wp\/v2\/pages\/2\/revisions"}],"predecessor-version":[{"id":119,"href":"https:\/\/aws.isie.mx\/index.php?rest_route=\/wp\/v2\/pages\/2\/revisions\/119"}],"wp:attachment":[{"href":"https:\/\/aws.isie.mx\/index.php?rest_route=%2Fwp%2Fv2%2Fmedia&parent=2"}],"curies":[{"name":"wp","href":"https:\/\/api.w.org\/{rel}","templated":true}]}}