{"id":18,"date":"2023-10-25T19:31:00","date_gmt":"2023-10-25T19:31:00","guid":{"rendered":"https:\/\/aws.isie.mx\/?page_id=18"},"modified":"2023-10-26T08:19:44","modified_gmt":"2023-10-26T14:19:44","slug":"nosotros","status":"publish","type":"page","link":"https:\/\/aws.isie.mx\/?page_id=18","title":{"rendered":"Nosotros"},"content":{"rendered":"\n<p><\/p>\n\n\n\n<div class=\"wp-block-media-text is-stacked-on-mobile\"><figure class=\"wp-block-media-text__media\"><img fetchpriority=\"high\" decoding=\"async\" width=\"1024\" height=\"683\" src=\"https:\/\/aws.isie.mx\/wp-content\/uploads\/2023\/10\/pexels-pixabay-459654-1024x683.jpg\" alt=\"\" class=\"wp-image-32 size-full\" srcset=\"https:\/\/aws.isie.mx\/wp-content\/uploads\/2023\/10\/pexels-pixabay-459654-1024x683.jpg 1024w, https:\/\/aws.isie.mx\/wp-content\/uploads\/2023\/10\/pexels-pixabay-459654-300x200.jpg 300w, https:\/\/aws.isie.mx\/wp-content\/uploads\/2023\/10\/pexels-pixabay-459654-768x512.jpg 768w, https:\/\/aws.isie.mx\/wp-content\/uploads\/2023\/10\/pexels-pixabay-459654-1536x1024.jpg 1536w, https:\/\/aws.isie.mx\/wp-content\/uploads\/2023\/10\/pexels-pixabay-459654-2048x1365.jpg 2048w\" sizes=\"(max-width: 1024px) 100vw, 1024px\" \/><\/figure><div class=\"wp-block-media-text__content\">\n<h3 class=\"wp-block-heading\">Acerca De Nosotros<\/h3>\n\n\n\n<h1 class=\"wp-block-heading\">\u00bf POR QU\u00c9 SOMOS TU OPCI\u00d3N ?<\/h1>\n\n\n\n<p>Somos una empresa que desarrolla soluciones basadas en las Tecnolog\u00edas de Informaci\u00f3n (TI), nuestra propuesta se basa en entender y satisfacer sus necesidades como cliente con el objetivo de alinear las TI, permiti\u00e9ndoles lograr ventajas competitivas.<\/p>\n\n\n\n<p>Estamos ubicados en el centro del pa\u00eds, en la ciudad m\u00e1s grande del estado de Guanajuato, Le\u00f3n. Actualmente ofrecemos nuestros servicios en 13 estados y en Ciudad de M\u00e9xico.<\/p>\n<\/div><\/div>\n","protected":false},"excerpt":{"rendered":"<p>Acerca De Nosotros \u00bf POR QU\u00c9 SOMOS TU OPCI\u00d3N ? Somos una empresa que desarrolla soluciones basadas en las Tecnolog\u00edas de Informaci\u00f3n (TI), nuestra propuesta se basa en entender y satisfacer sus necesidades como cliente con el objetivo de alinear las TI, permiti\u00e9ndoles lograr ventajas competitivas. Estamos ubicados en el centro del pa\u00eds, en la [&hellip;]<\/p>\n","protected":false},"author":1,"featured_media":0,"parent":0,"menu_order":0,"comment_status":"closed","ping_status":"closed","template":"","meta":{"footnotes":""},"class_list":["post-18","page","type-page","status-publish","hentry"],"_links":{"self":[{"href":"https:\/\/aws.isie.mx\/index.php?rest_route=\/wp\/v2\/pages\/18","targetHints":{"allow":["GET"]}}],"collection":[{"href":"https:\/\/aws.isie.mx\/index.php?rest_route=\/wp\/v2\/pages"}],"about":[{"href":"https:\/\/aws.isie.mx\/index.php?rest_route=\/wp\/v2\/types\/page"}],"author":[{"embeddable":true,"href":"https:\/\/aws.isie.mx\/index.php?rest_route=\/wp\/v2\/users\/1"}],"replies":[{"embeddable":true,"href":"https:\/\/aws.isie.mx\/index.php?rest_route=%2Fwp%2Fv2%2Fcomments&post=18"}],"version-history":[{"count":4,"href":"https:\/\/aws.isie.mx\/index.php?rest_route=\/wp\/v2\/pages\/18\/revisions"}],"predecessor-version":[{"id":66,"href":"https:\/\/aws.isie.mx\/index.php?rest_route=\/wp\/v2\/pages\/18\/revisions\/66"}],"wp:attachment":[{"href":"https:\/\/aws.isie.mx\/index.php?rest_route=%2Fwp%2Fv2%2Fmedia&parent=18"}],"curies":[{"name":"wp","href":"https:\/\/api.w.org\/{rel}","templated":true}]}}