{"id":111,"date":"2024-04-30T13:41:12","date_gmt":"2024-04-30T19:41:12","guid":{"rendered":"https:\/\/aws.isie.mx\/?page_id=111"},"modified":"2024-04-30T13:59:51","modified_gmt":"2024-04-30T19:59:51","slug":"servidor-dedicado-para-web-hosting","status":"publish","type":"page","link":"https:\/\/aws.isie.mx\/?page_id=111","title":{"rendered":"Servidor dedicado para Web Hosting"},"content":{"rendered":"\n<h2 class=\"wp-block-heading\">\u00a1Optimiza tu web con nuestro Servicio de Hosting en AWS!<\/h2>\n\n\n\n<div style=\"height:21px\" aria-hidden=\"true\" class=\"wp-block-spacer\"><\/div>\n\n\n\n<p>En ISIE, nos especializamos en ofrecer soluciones de hosting en la nube para garantizar el rendimiento, la seguridad y la escalabilidad de tu sitio web. Con nuestra oferta de Servidor Dedicado en AWS, puedes llevar tu presencia en l\u00ednea al siguiente nivel.<\/p>\n\n\n\n<div style=\"height:47px\" aria-hidden=\"true\" class=\"wp-block-spacer\"><\/div>\n\n\n\n<h2 class=\"wp-block-heading\">\u00bfPor qu\u00e9 elegir nuestro Servicio de Hosting en AWS?<\/h2>\n\n\n\n<div style=\"height:21px\" aria-hidden=\"true\" class=\"wp-block-spacer\"><\/div>\n\n\n\n<ol class=\"wp-block-list\">\n<li><strong>Rendimiento Superior<\/strong>: Con un servidor dedicado, obtendr\u00e1s recursos exclusivos para tu sitio web, lo que se traduce en tiempos de carga m\u00e1s r\u00e1pidos y una experiencia de usuario \u00f3ptima.<\/li>\n\n\n\n<li><strong>Seguridad Avanzada<\/strong>: Implementamos las mejores pr\u00e1cticas de seguridad en la nube para proteger tus datos y tu sitio web contra amenazas cibern\u00e9ticas.<\/li>\n\n\n\n<li><strong>Escalabilidad sin L\u00edmites<\/strong>: Con AWS, puedes escalar tus recursos seg\u00fan sea necesario para satisfacer las demandas de tr\u00e1fico de tu sitio web, garantizando que siempre est\u00e9 disponible para tus visitantes.<\/li>\n\n\n\n<li><strong>Soporte T\u00e9cnico Especializado<\/strong>: Nuestro equipo de expertos est\u00e1 disponible las 24 horas del d\u00eda, los 7 d\u00edas de la semana, para brindarte asistencia t\u00e9cnica y resolver cualquier problema que puedas enfrentar.<\/li>\n<\/ol>\n\n\n\n<div style=\"height:47px\" aria-hidden=\"true\" class=\"wp-block-spacer\"><\/div>\n\n\n\n<h2 class=\"wp-block-heading\">\u00bfQu\u00e9 incluye nuestro Servicio de Hosting en AWS?<\/h2>\n\n\n\n<div style=\"height:21px\" aria-hidden=\"true\" class=\"wp-block-spacer\"><\/div>\n\n\n\n<ul class=\"wp-block-list\">\n<li>Configuraci\u00f3n inicial del servidor.<\/li>\n\n\n\n<li>Monitoreo continuo de la infraestructura.<\/li>\n\n\n\n<li>Actualizaciones de seguridad y mantenimiento.<\/li>\n\n\n\n<li>Copias de seguridad autom\u00e1ticas.<\/li>\n\n\n\n<li>Soporte t\u00e9cnico prioritario.<\/li>\n<\/ul>\n\n\n\n<div style=\"height:47px\" aria-hidden=\"true\" class=\"wp-block-spacer\"><\/div>\n\n\n\n<h2 class=\"wp-block-heading\">Diagrama de Arquitectura en AWS.<\/h2>\n\n\n\n<div style=\"height:21px\" aria-hidden=\"true\" class=\"wp-block-spacer\"><\/div>\n\n\n\n<p>Configuramos la infraestructura de la siguiente manera:<\/p>\n\n\n\n<figure class=\"wp-block-image size-full\"><img fetchpriority=\"high\" decoding=\"async\" width=\"901\" height=\"420\" src=\"https:\/\/aws.isie.mx\/wp-content\/uploads\/2024\/04\/FTR-WH.jpg\" alt=\"\" class=\"wp-image-113\" srcset=\"https:\/\/aws.isie.mx\/wp-content\/uploads\/2024\/04\/FTR-WH.jpg 901w, https:\/\/aws.isie.mx\/wp-content\/uploads\/2024\/04\/FTR-WH-300x140.jpg 300w, https:\/\/aws.isie.mx\/wp-content\/uploads\/2024\/04\/FTR-WH-768x358.jpg 768w\" sizes=\"(max-width: 901px) 100vw, 901px\" \/><\/figure>\n\n\n\n<div style=\"height:21px\" aria-hidden=\"true\" class=\"wp-block-spacer\"><\/div>\n\n\n\n<p>Se utilizan diversos servicios de la nube de Amazon Web Services (AWS), los cuales se describen a continuaci\u00f3n:<\/p>\n\n\n\n<ul class=\"wp-block-list\">\n<li><strong>Route 53 (R53): <\/strong>es un servicio de DNS escalable y altamente disponible que permite registrar nombres de dominio, traducirlos en direcciones IP y dirigir el tr\u00e1fico de internet a recursos como servidores web o aplicaciones en AWS.<\/li>\n\n\n\n<li><strong>Application Load Balancer (ALB): <\/strong>distribuye autom\u00e1ticamente el tr\u00e1fico entrante entre m\u00faltiples destinos, como instancias de EC2, contenedores Docker o funciones de Lambda, para mejorar la disponibilidad y la escalabilidad de las aplicaciones web.<\/li>\n\n\n\n<li><strong>Certificate Manager (CM): <\/strong>proporciona certificados SSL\/TLS gratuitos y gestionados para asegurar las comunicaciones entre los usuarios y las aplicaciones web alojadas en AWS, garantizando la seguridad y la confianza de los visitantes del sitio.<\/li>\n\n\n\n<li><strong>Web Application Firewall (WAF): <\/strong>protege las aplicaciones web frente a ataques comunes, como inyecciones SQL o cross-site scripting, mediante la inspecci\u00f3n y filtrado del tr\u00e1fico HTTP y HTTPS antes de que llegue a las aplicaciones.<\/li>\n\n\n\n<li><strong>Elastic Cloud Compute (EC2): <\/strong>ofrece capacidad inform\u00e1tica escalable en la nube, permitiendo lanzar y administrar servidores virtuales con una variedad de sistemas operativos, configuraciones de red y capacidades de almacenamiento, adaptadas a las necesidades espec\u00edficas de cada aplicaci\u00f3n.<\/li>\n\n\n\n<li><strong>Elastic Block Store (EBS): <\/strong>proporciona almacenamiento persistente de bloques para instancias de EC2, permitiendo crear y adjuntar vol\u00famenes de almacenamiento a las instancias para almacenar datos de manera segura y confiable, con opciones de respaldo y replicaci\u00f3n.<\/li>\n\n\n\n<li><strong>Simple Storage Service (S3): <\/strong>es un servicio de almacenamiento en la nube altamente escalable y duradero, dise\u00f1ado para almacenar y recuperar cualquier cantidad de datos desde cualquier ubicaci\u00f3n en la web. Es ideal para almacenar datos para aplicaciones web, copias de seguridad, archivos multimedia y mucho m\u00e1s, con una disponibilidad y durabilidad excepcionales.<\/li>\n<\/ul>\n\n\n\n<p><\/p>\n","protected":false},"excerpt":{"rendered":"<p>\u00a1Optimiza tu web con nuestro Servicio de Hosting en AWS! En ISIE, nos especializamos en ofrecer soluciones de hosting en la nube para garantizar el rendimiento, la seguridad y la escalabilidad de tu sitio web. Con nuestra oferta de Servidor Dedicado en AWS, puedes llevar tu presencia en l\u00ednea al siguiente nivel. \u00bfPor qu\u00e9 elegir [&hellip;]<\/p>\n","protected":false},"author":1,"featured_media":0,"parent":0,"menu_order":0,"comment_status":"closed","ping_status":"closed","template":"","meta":{"footnotes":""},"class_list":["post-111","page","type-page","status-publish","hentry"],"_links":{"self":[{"href":"https:\/\/aws.isie.mx\/index.php?rest_route=\/wp\/v2\/pages\/111","targetHints":{"allow":["GET"]}}],"collection":[{"href":"https:\/\/aws.isie.mx\/index.php?rest_route=\/wp\/v2\/pages"}],"about":[{"href":"https:\/\/aws.isie.mx\/index.php?rest_route=\/wp\/v2\/types\/page"}],"author":[{"embeddable":true,"href":"https:\/\/aws.isie.mx\/index.php?rest_route=\/wp\/v2\/users\/1"}],"replies":[{"embeddable":true,"href":"https:\/\/aws.isie.mx\/index.php?rest_route=%2Fwp%2Fv2%2Fcomments&post=111"}],"version-history":[{"count":7,"href":"https:\/\/aws.isie.mx\/index.php?rest_route=\/wp\/v2\/pages\/111\/revisions"}],"predecessor-version":[{"id":127,"href":"https:\/\/aws.isie.mx\/index.php?rest_route=\/wp\/v2\/pages\/111\/revisions\/127"}],"wp:attachment":[{"href":"https:\/\/aws.isie.mx\/index.php?rest_route=%2Fwp%2Fv2%2Fmedia&parent=111"}],"curies":[{"name":"wp","href":"https:\/\/api.w.org\/{rel}","templated":true}]}}